{"id":1363,"date":"2022-10-07T12:18:42","date_gmt":"2022-10-07T10:18:42","guid":{"rendered":"https:\/\/immomoulinsetangs.fr\/?post_type=product&#038;p=1363"},"modified":"2024-05-05T10:30:24","modified_gmt":"2024-05-05T08:30:24","slug":"propriete-residentielle-de-loisirs-moulin-et-etangs-dordogne","status":"publish","type":"product","link":"https:\/\/immomoulinsetangs.fr\/?product=propriete-residentielle-de-loisirs-moulin-et-etangs-dordogne","title":{"rendered":"Propri\u00e9t\u00e9 r\u00e9sidentielle de loisirs, moulin et \u00e9tangs (Dordogne)"},"content":{"rendered":"<p>Il ne s\u2019agit pas d\u2019un PRL au sens l\u00e9gal, mais les atouts de cette propri\u00e9t\u00e9 la rendent multifonctionnelle pour l\u2019accueil de loisir sur environ 7 ha.<br \/>\nAu sud, des for\u00eats. Au nord, une zone agricole et entre les deux, le hameau.<br \/>\nAgr\u00e9able rivi\u00e8re avec \u00e9tangs.<br \/>\nEnvironnement naturel charmant, vallonn\u00e9 et tr\u00e8s calme. Sans voisin et sans aucune nuisance identifi\u00e9e.<\/p>\n<p>Aucune servitude. Deux acc\u00e8s priv\u00e9s.<\/p>\n<p>B\u00e2timents en tr\u00e8s bon \u00e9tat g\u00e9n\u00e9ral (toitures neuves), comportant cinq appartements lou\u00e9s.<\/p>\n<ul>\n<li>Le moulin : environ 200m\u00b2 sur quatre niveaux.<br \/>\nLes deux premiers niveaux, c\u00f4t\u00e9 cours d\u2019eau, restent am\u00e9nageables.<\/li>\n<\/ul>\n<p>Le 3\u00e8me niveau du moulin (c\u00f4t\u00e9 cour) a une vocation professionnelle (restauration).<br \/>\nLe 4\u00e8me \u00e9tage, accessible par un escalier ext\u00e9rieur dans la cour, dispose de trois appartements.<\/p>\n<ul>\n<li>Dans deux autres b\u00e2timents : deux appartements.<\/li>\n<li>Grande grange am\u00e9nageable et atelier adoss\u00e9.<\/li>\n<li>Nous imaginons plut\u00f4t des g\u00eetes \u00e0 la place des petits b\u00e2timents d\u2019\u00e9levage.<\/li>\n<li>Habitat insolite possible.<\/li>\n<\/ul>\n<p>Deux \u00e9tangs avec possibilit\u00e9 de cr\u00e9er d\u2019autres bassins d\u2019agr\u00e9ment.<\/p>\n<p>La production d\u2019\u00e9lectricit\u00e9 et une source permettraient de se rapprocher de l\u2019autonomie.<\/p>\n<p>Les informations sur les risques auxquels ce bien est expos\u00e9 sont disponibles sur le site G\u00e9orisques : <a href=\"https:\/\/www.georisques.gouv.fr\">https:\/\/www.georisques.gouv.fr<\/a><\/p>\n","protected":false},"excerpt":{"rendered":"<p>[accueil, loisirs, offres diversifi\u00e9es]<\/p>\n","protected":false},"featured_media":1383,"template":"","meta":{"neve_meta_sidebar":"","neve_meta_container":"","neve_meta_enable_content_width":"off","neve_meta_content_width":70,"neve_meta_title_alignment":"","neve_meta_author_avatar":"","neve_post_elements_order":"","neve_meta_disable_header":"","neve_meta_disable_footer":"","neve_meta_disable_title":""},"product_brand":[],"product_cat":[20],"product_tag":[],"class_list":{"0":"post-1363","1":"product","2":"type-product","3":"status-publish","4":"has-post-thumbnail","6":"product_cat-bien-rural","8":"first","9":"instock","10":"sold-individually","11":"shipping-taxable","12":"purchasable","13":"product-type-simple"},"aioseo_notices":[],"_links":{"self":[{"href":"https:\/\/immomoulinsetangs.fr\/index.php?rest_route=\/wp\/v2\/product\/1363","targetHints":{"allow":["GET"]}}],"collection":[{"href":"https:\/\/immomoulinsetangs.fr\/index.php?rest_route=\/wp\/v2\/product"}],"about":[{"href":"https:\/\/immomoulinsetangs.fr\/index.php?rest_route=\/wp\/v2\/types\/product"}],"wp:featuredmedia":[{"embeddable":true,"href":"https:\/\/immomoulinsetangs.fr\/index.php?rest_route=\/wp\/v2\/media\/1383"}],"wp:attachment":[{"href":"https:\/\/immomoulinsetangs.fr\/index.php?rest_route=%2Fwp%2Fv2%2Fmedia&parent=1363"}],"wp:term":[{"taxonomy":"product_brand","embeddable":true,"href":"https:\/\/immomoulinsetangs.fr\/index.php?rest_route=%2Fwp%2Fv2%2Fproduct_brand&post=1363"},{"taxonomy":"product_cat","embeddable":true,"href":"https:\/\/immomoulinsetangs.fr\/index.php?rest_route=%2Fwp%2Fv2%2Fproduct_cat&post=1363"},{"taxonomy":"product_tag","embeddable":true,"href":"https:\/\/immomoulinsetangs.fr\/index.php?rest_route=%2Fwp%2Fv2%2Fproduct_tag&post=1363"}],"curies":[{"name":"wp","href":"https:\/\/api.w.org\/{rel}","templated":true}]}}