{"id":1479,"date":"2020-09-30T22:06:04","date_gmt":"2020-09-30T20:06:04","guid":{"rendered":"https:\/\/immomoulinsetangs.fr\/?post_type=product&#038;p=1479"},"modified":"2024-05-05T14:38:00","modified_gmt":"2024-05-05T12:38:00","slug":"ancien-moulin-etang-et-maison-independante-avec-deux-t3","status":"publish","type":"product","link":"https:\/\/immomoulinsetangs.fr\/?product=ancien-moulin-etang-et-maison-independante-avec-deux-t3","title":{"rendered":"Ancien moulin, \u00e9tang et maison ind\u00e9pendante avec deux T3. Limoges (87)"},"content":{"rendered":"<p>Le moulin a \u00e9t\u00e9 transform\u00e9 en belle r\u00e9sidence familiale. \u00ab\u00a0Ancien\u00a0\u00bb moulin car il ne peut plus faire usage de la force motrice de l\u2019eau : la prise d\u2019eau \u00e0 700 m\u00e8tres et le bief ne semblent plus op\u00e9rationnels malgr\u00e9 leur ant\u00e9riorit\u00e9 administrative.<br \/>\nLa propri\u00e9t\u00e9 couvre pr\u00e8s de 7,30 ha. On y acc\u00e8de par une belle all\u00e9e bord\u00e9e de grands arbres.<\/p>\n<ul>\n<li>La maison (~130m\u00b2 au sol sur deux niveaux).<br \/>\nElle comprend\u00a0:<\/li>\n<\/ul>\n<p>Au rez-de-chauss\u00e9e, entr\u00e9e spacieuse (~25m\u00b2), vestiaire, buanderie et WC,<br \/>\ncuisine de 47m2,<br \/>\nsalon (~23m\u00b2) avec po\u00eale \u00e0 bois donnant sur le jardin et \u00e9tang et<br \/>\nsalle \u00e0 manger (~17m\u00b2)<br \/>\nA l&rsquo;\u00e9tage, beau palier (~16m\u00b2) et acc\u00e8s au jardin de plain-pied \u00e0 l\u2019arri\u00e8re.<br \/>\nChambre n\u00b01\u00a0: environ 25m\u00b2 avec agr\u00e9able balcon, dressing et grande salle de bain (~17m\u00b2) douche italienne et baignoire.<br \/>\nChambre n\u00b02\u00a0: environ 11m\u00b2,<br \/>\nChambre n\u00b03\u00a0: environ 12m\u00b2,<br \/>\nChambre n\u00b04\u00a0: environ 16m\u00b2 avec salle de bains 10m\u00b2 douche et baignoire, WC.<\/p>\n<p>Autres informations : pompe \u00e0 chaleur, bonne isolation, double vitrage et \u00e9lectricit\u00e9 aux normes.<\/p>\n<p>&nbsp;<\/p>\n<p>Les deux g\u00eetes, sym\u00e9triques, se trouvent dans une maison ind\u00e9pendante (~145m\u00b2) s\u00e9par\u00e9e de la demeure principale.<\/p>\n<ul>\n<li>Gite n\u00b01\u00a0:<\/li>\n<\/ul>\n<p>Salon-salle \u00e0 manger (~35m\u00b2) avec po\u00eale \u00e0 bois, cuisine, salle d&rsquo;eau et 2 chambres.<\/p>\n<ul>\n<li>Gite n\u00b02,<br \/>\nsalon-salle \u00e0 manger (~35m\u00b2) avec po\u00eale \u00e0 bois, cuisine, salle de bains et 2 chambres.<\/li>\n<li>piscine (8m x4m) chauff\u00e9e par une pompe \u00e0 chaleur.<\/li>\n<li>\u00e9tang (~3500 m\u00b2) aliment\u00e9 par une source.<\/li>\n<li>garage (15m x 6.5m).<\/li>\n<li>d\u00e9pendance (~50m\u00b2) servant de salle de jeux ouverte, flanqu\u00e9e de deux pi\u00e8ces vides.<\/li>\n<\/ul>\n","protected":false},"excerpt":{"rendered":"<p>[r\u00e9sidence principale, g\u00eetes, habitat insolite, 0 kW dans l&rsquo;\u00e9tat actuel]<\/p>\n","protected":false},"featured_media":1487,"template":"","meta":{"neve_meta_sidebar":"","neve_meta_container":"","neve_meta_enable_content_width":"off","neve_meta_content_width":70,"neve_meta_title_alignment":"","neve_meta_author_avatar":"","neve_post_elements_order":"","neve_meta_disable_header":"","neve_meta_disable_footer":"","neve_meta_disable_title":""},"product_brand":[],"product_cat":[20],"product_tag":[],"class_list":{"0":"post-1479","1":"product","2":"type-product","3":"status-publish","4":"has-post-thumbnail","6":"product_cat-bien-rural","8":"first","9":"instock","10":"sold-individually","11":"shipping-taxable","12":"purchasable","13":"product-type-simple"},"aioseo_notices":[],"_links":{"self":[{"href":"https:\/\/immomoulinsetangs.fr\/index.php?rest_route=\/wp\/v2\/product\/1479","targetHints":{"allow":["GET"]}}],"collection":[{"href":"https:\/\/immomoulinsetangs.fr\/index.php?rest_route=\/wp\/v2\/product"}],"about":[{"href":"https:\/\/immomoulinsetangs.fr\/index.php?rest_route=\/wp\/v2\/types\/product"}],"wp:featuredmedia":[{"embeddable":true,"href":"https:\/\/immomoulinsetangs.fr\/index.php?rest_route=\/wp\/v2\/media\/1487"}],"wp:attachment":[{"href":"https:\/\/immomoulinsetangs.fr\/index.php?rest_route=%2Fwp%2Fv2%2Fmedia&parent=1479"}],"wp:term":[{"taxonomy":"product_brand","embeddable":true,"href":"https:\/\/immomoulinsetangs.fr\/index.php?rest_route=%2Fwp%2Fv2%2Fproduct_brand&post=1479"},{"taxonomy":"product_cat","embeddable":true,"href":"https:\/\/immomoulinsetangs.fr\/index.php?rest_route=%2Fwp%2Fv2%2Fproduct_cat&post=1479"},{"taxonomy":"product_tag","embeddable":true,"href":"https:\/\/immomoulinsetangs.fr\/index.php?rest_route=%2Fwp%2Fv2%2Fproduct_tag&post=1479"}],"curies":[{"name":"wp","href":"https:\/\/api.w.org\/{rel}","templated":true}]}}