{"id":191,"date":"2020-09-20T17:33:01","date_gmt":"2020-09-20T15:33:01","guid":{"rendered":"https:\/\/immomoulinsetangs.fr\/?post_type=product&#038;p=191"},"modified":"2024-05-05T14:36:40","modified_gmt":"2024-05-05T12:36:40","slug":"belle-demeure-a-vendre-a-la-chatre-36","status":"publish","type":"product","link":"https:\/\/immomoulinsetangs.fr\/?product=belle-demeure-a-vendre-a-la-chatre-36","title":{"rendered":"Belle demeure \u00e0 vendre \u00e0 la Ch\u00e2tre (36)"},"content":{"rendered":"<p>Porche \u00e9l\u00e9gant permettant l\u2019entr\u00e9e des voitures dans la cour avec belle entr\u00e9e pi\u00e9tonne. On d\u00e9couvre un bel h\u00f4tel particulier du 18\u00e8me si\u00e8cle, dot\u00e9 d\u2019un escalier en fer \u00e0 cheval.<br \/>\nLe rez de cour sous la maison et la terrasse sont affect\u00e9s aux caves, ateliers, chaufferie, garages.<br \/>\nLa fa\u00e7ade en U et l\u2019organisation du b\u00e2ti, flanqu\u00e9 de grandes \u00e9curies, conf\u00e8rent \u00e0 cette propri\u00e9t\u00e9 un r\u00e9el attrait.<br \/>\nEn rez de chauss\u00e9e sur\u00e9lev\u00e9 donnant sur la terrasse : entr\u00e9e (placards en boiseries), salon avec chemin\u00e9e, salle \u00e0 manger avec chemin\u00e9e, cuisine \u00e9quip\u00e9e, cuisine d\u2019\u00e9t\u00e9 neuve couverte (charpente apparente), dressing et salle de bains.<br \/>\nA l\u2019\u00e9tage, grand d\u00e9gagement, wc avec lave-mains, salle de bains (douche et baignoire), trois chambres (dont une dot\u00e9e d\u2019un wc).<br \/>\nAu nord, entr\u00e9es secondaires : voiture et pi\u00e9tons. Toitures en bon \u00e9tat. 2 puits.<\/p>\n","protected":false},"excerpt":{"rendered":"<p>Belle demeure de caract\u00e8re \u00e0 La Ch\u00e2tre (36)<\/p>\n<p>Restauration de qualit\u00e9 et avec go\u00fbt. Propri\u00e9t\u00e9 tr\u00e8s agr\u00e9able close de murs.<\/p>\n","protected":false},"featured_media":192,"template":"","meta":{"neve_meta_sidebar":"","neve_meta_container":"","neve_meta_enable_content_width":"off","neve_meta_content_width":100,"neve_meta_title_alignment":"","neve_meta_author_avatar":"","neve_post_elements_order":"","neve_meta_disable_header":"","neve_meta_disable_footer":"","neve_meta_disable_title":""},"product_brand":[],"product_cat":[20],"product_tag":[],"class_list":{"0":"post-191","1":"product","2":"type-product","3":"status-publish","4":"has-post-thumbnail","6":"product_cat-bien-rural","8":"first","9":"instock","10":"sold-individually","11":"shipping-taxable","12":"product-type-simple"},"aioseo_notices":[],"_links":{"self":[{"href":"https:\/\/immomoulinsetangs.fr\/index.php?rest_route=\/wp\/v2\/product\/191","targetHints":{"allow":["GET"]}}],"collection":[{"href":"https:\/\/immomoulinsetangs.fr\/index.php?rest_route=\/wp\/v2\/product"}],"about":[{"href":"https:\/\/immomoulinsetangs.fr\/index.php?rest_route=\/wp\/v2\/types\/product"}],"wp:featuredmedia":[{"embeddable":true,"href":"https:\/\/immomoulinsetangs.fr\/index.php?rest_route=\/wp\/v2\/media\/192"}],"wp:attachment":[{"href":"https:\/\/immomoulinsetangs.fr\/index.php?rest_route=%2Fwp%2Fv2%2Fmedia&parent=191"}],"wp:term":[{"taxonomy":"product_brand","embeddable":true,"href":"https:\/\/immomoulinsetangs.fr\/index.php?rest_route=%2Fwp%2Fv2%2Fproduct_brand&post=191"},{"taxonomy":"product_cat","embeddable":true,"href":"https:\/\/immomoulinsetangs.fr\/index.php?rest_route=%2Fwp%2Fv2%2Fproduct_cat&post=191"},{"taxonomy":"product_tag","embeddable":true,"href":"https:\/\/immomoulinsetangs.fr\/index.php?rest_route=%2Fwp%2Fv2%2Fproduct_tag&post=191"}],"curies":[{"name":"wp","href":"https:\/\/api.w.org\/{rel}","templated":true}]}}