{"id":23627,"date":"2026-03-04T11:35:19","date_gmt":"2026-03-04T10:35:19","guid":{"rendered":"https:\/\/immomoulinsetangs.fr\/?post_type=product&#038;p=23627"},"modified":"2026-03-04T11:35:19","modified_gmt":"2026-03-04T10:35:19","slug":"etang-puy-de-dome-63","status":"publish","type":"product","link":"https:\/\/immomoulinsetangs.fr\/?product=etang-puy-de-dome-63","title":{"rendered":"Etang Puy de D\u00f4me (63)"},"content":{"rendered":"<p>A 50 mn de Clermont-Ferrand, sur 16 000m\u00b2, \u00e9tang de 6 \u00e0 7000m\u00b2.<br \/>\nchemin d\u2019acc\u00e8s priv\u00e9, empierr\u00e9 et portail d\u2019entr\u00e9e.<br \/>\nouvrage de vidange (b\u00e9ton) neuf, p\u00eacherie b\u00e9ton.<br \/>\npr\u00e9sence d\u2019une caravane. il ne manque qu\u2019une terrasse avec couverture globale en bac acier et un barbecue.<br \/>\ntoilettes s\u00e8ches.<br \/>\nEnvironnement bois\u00e9 tr\u00e8s calme.<\/p>\n","protected":false},"excerpt":{"rendered":"<p>[p\u00eache, loisirs familiaux, d\u00e9tente \u00e0 la nature]<\/p>\n","protected":false},"featured_media":23631,"template":"","meta":{"neve_meta_sidebar":"","neve_meta_container":"","neve_meta_enable_content_width":"off","neve_meta_content_width":100,"neve_meta_title_alignment":"","neve_meta_author_avatar":"","neve_post_elements_order":"","neve_meta_disable_header":"","neve_meta_disable_footer":"","neve_meta_disable_title":""},"product_brand":[],"product_cat":[17],"product_tag":[],"class_list":{"0":"post-23627","1":"product","2":"type-product","3":"status-publish","4":"has-post-thumbnail","6":"product_cat-etangs","8":"first","9":"instock","10":"sold-individually","11":"shipping-taxable","12":"purchasable","13":"product-type-simple"},"aioseo_notices":[],"_links":{"self":[{"href":"https:\/\/immomoulinsetangs.fr\/index.php?rest_route=\/wp\/v2\/product\/23627","targetHints":{"allow":["GET"]}}],"collection":[{"href":"https:\/\/immomoulinsetangs.fr\/index.php?rest_route=\/wp\/v2\/product"}],"about":[{"href":"https:\/\/immomoulinsetangs.fr\/index.php?rest_route=\/wp\/v2\/types\/product"}],"wp:featuredmedia":[{"embeddable":true,"href":"https:\/\/immomoulinsetangs.fr\/index.php?rest_route=\/wp\/v2\/media\/23631"}],"wp:attachment":[{"href":"https:\/\/immomoulinsetangs.fr\/index.php?rest_route=%2Fwp%2Fv2%2Fmedia&parent=23627"}],"wp:term":[{"taxonomy":"product_brand","embeddable":true,"href":"https:\/\/immomoulinsetangs.fr\/index.php?rest_route=%2Fwp%2Fv2%2Fproduct_brand&post=23627"},{"taxonomy":"product_cat","embeddable":true,"href":"https:\/\/immomoulinsetangs.fr\/index.php?rest_route=%2Fwp%2Fv2%2Fproduct_cat&post=23627"},{"taxonomy":"product_tag","embeddable":true,"href":"https:\/\/immomoulinsetangs.fr\/index.php?rest_route=%2Fwp%2Fv2%2Fproduct_tag&post=23627"}],"curies":[{"name":"wp","href":"https:\/\/api.w.org\/{rel}","templated":true}]}}