{"id":23763,"date":"2026-04-13T21:30:37","date_gmt":"2026-04-13T19:30:37","guid":{"rendered":"https:\/\/immomoulinsetangs.fr\/?post_type=product&#038;p=23763"},"modified":"2026-04-14T12:07:17","modified_gmt":"2026-04-14T10:07:17","slug":"etang-4ha-belle-demeure-et-dependances-allier03","status":"publish","type":"product","link":"https:\/\/immomoulinsetangs.fr\/?product=etang-4ha-belle-demeure-et-dependances-allier03","title":{"rendered":"Etang 4ha, belle demeure et d\u00e9pendances. Allier(03)"},"content":{"rendered":"<p>Propri\u00e9t\u00e9 close de 9ha 40 en bordure d\u2019une petite route paisible.<br \/>\nEn dessous du barrage, ancien moulin fond\u00e9 en titre compl\u00e9tement r\u00e9am\u00e9nag\u00e9 r\u00e9cemment, avec trois d\u00e9pendances (280m\u00b2).<br \/>\nEn pleine campagne mais avec situation int\u00e9ressante par rapport aux commerces locaux et voies de circulation (autoroute \u00e0 10 minutes).<br \/>\nAucun voisinage proche.<\/p>\n<p><strong>La maison\u00a0sur deux niveaux<\/strong> (170m\u00b2)<br \/>\nMaison \u00e9conome et confortable : gr\u00e2ce aux r\u00e9centes am\u00e9liorations la maison garantit un confort de vie optimal toute l\u2019ann\u00e9e, avec une consommation \u00e9nerg\u00e9tique ma\u00eetris\u00e9e.<\/p>\n<ul>\n<li>Rez-de-chauss\u00e9e :<br \/>\nSalon (33 m\u00b2), salle \u00e0 manger (27 m\u00b2), v\u00e9randa (12 m\u00b2), cuisine (16 m\u00b2) et buanderie (18 m\u00b2).<\/li>\n<li>\u00c9tage :<br \/>\nTrois chambres (11 m\u00b2, 12 m\u00b2, 13 m\u00b2), salle de bains (8 m\u00b2) et WC s\u00e9par\u00e9.<br \/>\n3 chambres,<br \/>\n2 salles de bains,<br \/>\nEspace de vie lumineux. La v\u00e9randa et les terrasses offrent des espaces agr\u00e9ables.<\/li>\n<\/ul>\n<p>Classe \u00e9nerg\u00e9tique DPE\u00a0: D, GES\u00a0: C,<\/p>\n<p><strong>D\u00e9pendances<br \/>\n<\/strong>Plusieurs b\u00e2timents repr\u00e9sentent environ 460 m\u00b2 de potentiel am\u00e9nageable, organis\u00e9es autour d\u2019une cour int\u00e9rieure.<br \/>\nGrande grange (150m\u00b2 au sol) comprenant\u00a0:<\/p>\n<ul>\n<li>en rez de cour :<br \/>\nStudio ind\u00e9pendant de 27 m\u00b2 comprenant cuisine, chambre et salle d\u2019eau.<br \/>\nGarages, atelier.<\/li>\n<\/ul>\n<ul>\n<li>\u00e9tage ouvrant sur l\u2019\u00e9tang par une agr\u00e9able terrasse couverte pouvant servir d\u2019entr\u00e9e \u00e0 un futur g\u00eete de p\u00eache.<\/li>\n<\/ul>\n<p>Autre local pouvant \u00eatre d\u00e9di\u00e9 au sport, d\u00e9tente.<\/p>\n<p><strong>L\u2019\u00e9tang<\/strong><br \/>\nLa morphologie sinueuse du p\u00e9rim\u00e8tre en fait une belle pi\u00e8ce d\u2019eau.<br \/>\nChemin de ceinture complet.<br \/>\nVidangeable (bonde).<br \/>\nP\u00eacherie.<br \/>\nEvacuateur de crues avec grilles en bon \u00e9tat.<br \/>\nBloc sanitaire (WC, douche, lavabo) en queue d\u2019\u00e9tang.<br \/>\nDeux petits \u00e9tangs ind\u00e9pendants, possibilit\u00e9 d\u2019en cr\u00e9er un autre en aval.<\/p>\n<p><strong>El\u00e9ments compl\u00e9mentaires<br \/>\n<\/strong>Possibilit\u00e9 de cr\u00e9er 5 logements aux entr\u00e9es ind\u00e9pendantes.<br \/>\nFibre optique Internet: install\u00e9e, op\u00e9rationnelle et performante<br \/>\nInstallation \u00e9lectrique en triphas\u00e9.<br \/>\nToiture neuve isol\u00e9e, fen\u00eatres de toit Velux avec stores int\u00e9gr\u00e9s, fen\u00eatres PVC vitrage \u00abScreenLine\u00bb, volets roulants aluminium BUBENDORFF, po\u00eale \u00e0 bois GAUDIN,<br \/>\nChauffage central chaudi\u00e8re OERTLI,<br \/>\nNouveaux radiateurs sous garantie d\u00e9cennale,<br \/>\nGrand four \u00e0 pain.<br \/>\nChambre froide,<br \/>\nCave vout\u00e9e,<br \/>\nGrande cour int\u00e9rieure de 380 m2.<br \/>\nPuits.<br \/>\nTerres vierges de pesticides.<\/p>\n<p>Les informations sur les risques auxquels ce bien est expos\u00e9 sont disponibles sur le site G\u00e9orisques : <a href=\"https:\/\/www.georisques.gouv.fr\">https:\/\/www.georisques.gouv.fr<\/a><\/p>\n<p>&nbsp;<\/p>\n","protected":false},"excerpt":{"rendered":"<p>Propri\u00e9t\u00e9 close de 9ha 40 en bordure d\u2019une petite route paisible. En dessous du barrage, ancien moulin fond\u00e9 en titre compl\u00e9tement r\u00e9am\u00e9nag\u00e9 r\u00e9cemment, avec trois d\u00e9pendances (280m\u00b2). En pleine campagne mais avec situation int\u00e9ressante par rapport aux commerces locaux et voies de circulation (autoroute \u00e0 10 minutes). Aucun voisinage proche. La maison\u00a0sur deux niveaux (170m\u00b2)&hellip;&nbsp;<a href=\"https:\/\/immomoulinsetangs.fr\/?product=etang-4ha-belle-demeure-et-dependances-allier03\" rel=\"bookmark\">Lire la suite &raquo;<span class=\"screen-reader-text\">Etang 4ha, belle demeure et d\u00e9pendances. Allier(03)<\/span><\/a><\/p>\n","protected":false},"featured_media":23771,"template":"","meta":{"neve_meta_sidebar":"","neve_meta_container":"","neve_meta_enable_content_width":"off","neve_meta_content_width":100,"neve_meta_title_alignment":"","neve_meta_author_avatar":"","neve_post_elements_order":"","neve_meta_disable_header":"","neve_meta_disable_footer":"","neve_meta_disable_title":""},"product_brand":[],"product_cat":[17],"product_tag":[],"class_list":{"0":"post-23763","1":"product","2":"type-product","3":"status-publish","4":"has-post-thumbnail","6":"product_cat-etangs","8":"first","9":"instock","10":"sold-individually","11":"shipping-taxable","12":"purchasable","13":"product-type-simple"},"aioseo_notices":[],"_links":{"self":[{"href":"https:\/\/immomoulinsetangs.fr\/index.php?rest_route=\/wp\/v2\/product\/23763","targetHints":{"allow":["GET"]}}],"collection":[{"href":"https:\/\/immomoulinsetangs.fr\/index.php?rest_route=\/wp\/v2\/product"}],"about":[{"href":"https:\/\/immomoulinsetangs.fr\/index.php?rest_route=\/wp\/v2\/types\/product"}],"wp:featuredmedia":[{"embeddable":true,"href":"https:\/\/immomoulinsetangs.fr\/index.php?rest_route=\/wp\/v2\/media\/23771"}],"wp:attachment":[{"href":"https:\/\/immomoulinsetangs.fr\/index.php?rest_route=%2Fwp%2Fv2%2Fmedia&parent=23763"}],"wp:term":[{"taxonomy":"product_brand","embeddable":true,"href":"https:\/\/immomoulinsetangs.fr\/index.php?rest_route=%2Fwp%2Fv2%2Fproduct_brand&post=23763"},{"taxonomy":"product_cat","embeddable":true,"href":"https:\/\/immomoulinsetangs.fr\/index.php?rest_route=%2Fwp%2Fv2%2Fproduct_cat&post=23763"},{"taxonomy":"product_tag","embeddable":true,"href":"https:\/\/immomoulinsetangs.fr\/index.php?rest_route=%2Fwp%2Fv2%2Fproduct_tag&post=23763"}],"curies":[{"name":"wp","href":"https:\/\/api.w.org\/{rel}","templated":true}]}}