{"id":23873,"date":"2026-04-26T22:24:57","date_gmt":"2026-04-26T20:24:57","guid":{"rendered":"https:\/\/immomoulinsetangs.fr\/?post_type=product&#038;p=23873"},"modified":"2026-04-26T22:24:57","modified_gmt":"2026-04-26T20:24:57","slug":"trois-etangs-dans-une-propriete-rurale-de-3050ha-nevers","status":"publish","type":"product","link":"https:\/\/immomoulinsetangs.fr\/?product=trois-etangs-dans-une-propriete-rurale-de-3050ha-nevers","title":{"rendered":"Trois \u00e9tangs dans une propri\u00e9t\u00e9 rurale de 30,50ha (Nevers)"},"content":{"rendered":"<p>Au milieu de 27 ha de prairies libres, au bout d\u2019une all\u00e9e priv\u00e9e, on arrive \u00e0 une cabane construite en dur (25m\u00b2), cadastr\u00e9e.<br \/>\nElle se trouve au bord d\u2019un des trois \u00e9tangs pour une surface totale en eau de 3,50 ha.<\/p>\n<p>Ils sont vidangeables.<br \/>\nLa propri\u00e9t\u00e9 est limit\u00e9e par de petites voies communales avec plusieurs acc\u00e8s distincts.<\/p>\n<p>Pr\u00e9sence de haies et de quelques arbres remarquables.<\/p>\n<p>Dans un village agr\u00e9able \u00e0 quelques minutes de l\u2019autoroute.<\/p>\n<p>Belle opportunit\u00e9 pour des valorisations diverses.<\/p>\n<p>Cession possible de 100% des parts sociales.<\/p>\n","protected":false},"excerpt":{"rendered":"<p>[chasse, p\u00eache, placement foncier, habitat insolite]<\/p>\n","protected":false},"featured_media":23885,"template":"","meta":{"neve_meta_sidebar":"","neve_meta_container":"","neve_meta_enable_content_width":"off","neve_meta_content_width":100,"neve_meta_title_alignment":"","neve_meta_author_avatar":"","neve_post_elements_order":"","neve_meta_disable_header":"","neve_meta_disable_footer":"","neve_meta_disable_title":""},"product_brand":[],"product_cat":[17],"product_tag":[],"class_list":{"0":"post-23873","1":"product","2":"type-product","3":"status-publish","4":"has-post-thumbnail","6":"product_cat-etangs","8":"first","9":"instock","10":"sold-individually","11":"shipping-taxable","12":"purchasable","13":"product-type-simple"},"aioseo_notices":[],"_links":{"self":[{"href":"https:\/\/immomoulinsetangs.fr\/index.php?rest_route=\/wp\/v2\/product\/23873","targetHints":{"allow":["GET"]}}],"collection":[{"href":"https:\/\/immomoulinsetangs.fr\/index.php?rest_route=\/wp\/v2\/product"}],"about":[{"href":"https:\/\/immomoulinsetangs.fr\/index.php?rest_route=\/wp\/v2\/types\/product"}],"wp:featuredmedia":[{"embeddable":true,"href":"https:\/\/immomoulinsetangs.fr\/index.php?rest_route=\/wp\/v2\/media\/23885"}],"wp:attachment":[{"href":"https:\/\/immomoulinsetangs.fr\/index.php?rest_route=%2Fwp%2Fv2%2Fmedia&parent=23873"}],"wp:term":[{"taxonomy":"product_brand","embeddable":true,"href":"https:\/\/immomoulinsetangs.fr\/index.php?rest_route=%2Fwp%2Fv2%2Fproduct_brand&post=23873"},{"taxonomy":"product_cat","embeddable":true,"href":"https:\/\/immomoulinsetangs.fr\/index.php?rest_route=%2Fwp%2Fv2%2Fproduct_cat&post=23873"},{"taxonomy":"product_tag","embeddable":true,"href":"https:\/\/immomoulinsetangs.fr\/index.php?rest_route=%2Fwp%2Fv2%2Fproduct_tag&post=23873"}],"curies":[{"name":"wp","href":"https:\/\/api.w.org\/{rel}","templated":true}]}}