{"id":470,"date":"2020-10-31T19:01:56","date_gmt":"2020-10-31T18:01:56","guid":{"rendered":"https:\/\/immomoulinsetangs.fr\/?post_type=product&#038;p=470"},"modified":"2024-04-26T16:38:46","modified_gmt":"2024-04-26T14:38:46","slug":"propriete-90-ha-en-dordogne-avec-etang","status":"publish","type":"product","link":"https:\/\/immomoulinsetangs.fr\/?product=propriete-90-ha-en-dordogne-avec-etang","title":{"rendered":"Propri\u00e9t\u00e9 90 ha en Dordogne avec \u00e9tang"},"content":{"rendered":"<p>Contenance totale de 88 ha compos\u00e9e de bois, praires, \u00e9tang, ruisseau, sources<br \/>\nElle occupe deux plateaux bois\u00e9s travers\u00e9s par une charmante vall\u00e9e,<br \/>\nB\u00e2ti de caract\u00e8re en bon \u00e9tat: demeure et d\u00e9pendances (environ 1000m\u00b2)<br \/>\nSalle de restauration de 60m\u00b2 avec chemin\u00e9e ouverte, pool house avec bar, piscine (16x8m), appartements ind\u00e9pendants (studios et un T3), ancienne cuisine professionnelle avec chambre froide.<br \/>\nAucune servitude, aucune nuisance visuelle ni sonore.<br \/>\nAutonomie en eau et \u00e9nerg\u00e9tique possibles (jusqu&rsquo;\u00e0 une certaine mesure).<\/p>\n<p>Si le b\u00e2ti peut accueillir une grande famille en r\u00e9sidence principale ou secondaire (~275m\u00b2), il peut aussi \u00eatre valoris\u00e9 en restaurant, g\u00eetes, \u00a0chambres d\u2019h\u00f4tes, mariages, s\u00e9minaires\u2026<br \/>\nZone de 2,30ha class\u00e9e \u00ab\u00a0accueil et activit\u00e9s touristiques\u00a0\u00bb.<\/p>\n<p>La capacit\u00e9 d\u2019h\u00e9bergement peut \u00eatre augment\u00e9e. La contenance de l\u2019\u00e9tang de 40\u00a0000m\u00b2 aussi.<\/p>\n<p>Les usages fonciers peuvent \u00e9galement \u00eatre optimis\u00e9s\u00a0: production hydro\u00e9lectrique autoconsomm\u00e9e, pisciculture de loisirs, trufficulture, chevaux, mara\u00eechage bio&#8230;<\/p>\n<p>Diagnostics\u00a0: classe D\u00a0\u00a0\u00a0\u00a0 Taxe fonci\u00e8re ~3600\u20ac<\/p>\n","protected":false},"excerpt":{"rendered":"<p>[r\u00e9sidentiel, projet business, accueil, tourisme, \u00e9levage, trufficulture, sports nature]<\/p>\n<p>&nbsp;<\/p>\n","protected":false},"featured_media":497,"template":"","meta":{"neve_meta_sidebar":"","neve_meta_container":"","neve_meta_enable_content_width":"off","neve_meta_content_width":100,"neve_meta_title_alignment":"","neve_meta_author_avatar":"","neve_post_elements_order":"","neve_meta_disable_header":"","neve_meta_disable_footer":"","neve_meta_disable_title":""},"product_brand":[],"product_cat":[20],"product_tag":[],"class_list":{"0":"post-470","1":"product","2":"type-product","3":"status-publish","4":"has-post-thumbnail","6":"product_cat-bien-rural","8":"first","9":"instock","10":"sold-individually","11":"shipping-taxable","12":"purchasable","13":"product-type-simple"},"aioseo_notices":[],"_links":{"self":[{"href":"https:\/\/immomoulinsetangs.fr\/index.php?rest_route=\/wp\/v2\/product\/470","targetHints":{"allow":["GET"]}}],"collection":[{"href":"https:\/\/immomoulinsetangs.fr\/index.php?rest_route=\/wp\/v2\/product"}],"about":[{"href":"https:\/\/immomoulinsetangs.fr\/index.php?rest_route=\/wp\/v2\/types\/product"}],"wp:featuredmedia":[{"embeddable":true,"href":"https:\/\/immomoulinsetangs.fr\/index.php?rest_route=\/wp\/v2\/media\/497"}],"wp:attachment":[{"href":"https:\/\/immomoulinsetangs.fr\/index.php?rest_route=%2Fwp%2Fv2%2Fmedia&parent=470"}],"wp:term":[{"taxonomy":"product_brand","embeddable":true,"href":"https:\/\/immomoulinsetangs.fr\/index.php?rest_route=%2Fwp%2Fv2%2Fproduct_brand&post=470"},{"taxonomy":"product_cat","embeddable":true,"href":"https:\/\/immomoulinsetangs.fr\/index.php?rest_route=%2Fwp%2Fv2%2Fproduct_cat&post=470"},{"taxonomy":"product_tag","embeddable":true,"href":"https:\/\/immomoulinsetangs.fr\/index.php?rest_route=%2Fwp%2Fv2%2Fproduct_tag&post=470"}],"curies":[{"name":"wp","href":"https:\/\/api.w.org\/{rel}","templated":true}]}}